{"id":467,"date":"2019-09-12T14:31:21","date_gmt":"2019-09-12T12:31:21","guid":{"rendered":"https:\/\/www.haute-montagne.net\/?page_id=467"},"modified":"2026-04-25T17:14:32","modified_gmt":"2026-04-25T15:14:32","slug":"price","status":"publish","type":"page","link":"https:\/\/www.haute-montagne.net\/en\/price\/","title":{"rendered":"Price"},"content":{"rendered":"\n<style type=\"text\/css\" data-created_by=\"avia_inline_auto\" id=\"style-css-av-jz8d5cte-a2ae7971dbf9c5ff2a04a4bed002cf33\">\n.avia-section.av-jz8d5cte-a2ae7971dbf9c5ff2a04a4bed002cf33{\nbackground-color:#315aa3;\nbackground-repeat:no-repeat;\nbackground-image:url(https:\/\/www.haute-montagne.net\/wp-content\/uploads\/2019\/09\/contact.png);\nbackground-position:100% 50%;\nbackground-attachment:scroll;\n}\n<\/style>\n<div id='av_section_1'  class='avia-section av-jz8d5cte-a2ae7971dbf9c5ff2a04a4bed002cf33 alternate_color avia-section-large avia-no-border-styling  avia-builder-el-0  el_before_av_one_full  avia-builder-el-first  avia-full-contain avia-bg-style-scroll  container_wrap fullsize'  data-section-bg-repeat='contain'><div class='container av-section-cont-open' ><main  role=\"main\" itemprop=\"mainContentOfPage\"  class='template-page content  av-content-full alpha units'><div class='post-entry post-entry-type-page post-entry-467'><div class='entry-content-wrapper clearfix'>\n\n<style type=\"text\/css\" data-created_by=\"avia_inline_auto\" id=\"style-css-av-1ke70-2bb78c9833c4a6307ee48d1ede8615e1\">\n.flex_column.av-1ke70-2bb78c9833c4a6307ee48d1ede8615e1{\nborder-radius:0px 0px 0px 0px;\n-webkit-border-radius:0px 0px 0px 0px;\n-moz-border-radius:0px 0px 0px 0px;\n}\n<\/style>\n<div class='flex_column av-1ke70-2bb78c9833c4a6307ee48d1ede8615e1 av_one_full  avia-builder-el-1  avia-builder-el-no-sibling  first flex_column_div av-zero-column-padding '   ><style type=\"text\/css\" data-created_by=\"avia_inline_auto\" id=\"style-css-av-kpjvfc42-d321cd423003bb7ce4a8dbfcd5e912e7\">\n#top .av-special-heading.av-kpjvfc42-d321cd423003bb7ce4a8dbfcd5e912e7{\npadding-bottom:10px;\ncolor:#ffffff;\n}\n.av-special-heading.av-kpjvfc42-d321cd423003bb7ce4a8dbfcd5e912e7 .special-heading-inner-border{\nborder-color:#ffffff;\n}\n<\/style>\n<div  class='av-special-heading av-kpjvfc42-d321cd423003bb7ce4a8dbfcd5e912e7 av-special-heading-h1 custom-color-heading blockquote modern-quote modern-centered  avia-builder-el-2  avia-builder-el-no-sibling  av-linked-heading '><h1 class='av-special-heading-tag '  itemprop=\"headline\"  >Price (summer 2025)<\/h1><div class='special-heading-border'><div class='special-heading-inner-border'><\/div><\/div><\/div><\/div>\n<\/div><\/div><\/main><!-- close content main element --><\/div><\/div><div id='after_section_1'  class='main_color av_default_container_wrap container_wrap fullsize'  ><div class='container av-section-cont-open' ><div class='template-page content  av-content-full alpha units'><div class='post-entry post-entry-type-page post-entry-467'><div class='entry-content-wrapper clearfix'>\n\n<style type=\"text\/css\" data-created_by=\"avia_inline_auto\" id=\"style-css-av-sbxq-7deccc9b7fa8a253c182d21d8d5def8d\">\n.flex_column.av-sbxq-7deccc9b7fa8a253c182d21d8d5def8d{\nborder-radius:0px 0px 0px 0px;\n-webkit-border-radius:0px 0px 0px 0px;\n-moz-border-radius:0px 0px 0px 0px;\n}\n<\/style>\n<div class='flex_column av-sbxq-7deccc9b7fa8a253c182d21d8d5def8d av_one_full  avia-builder-el-3  el_after_av_section  el_before_av_one_full  avia-builder-el-first  first flex_column_div av-zero-column-padding '   ><section class=\"av_textblock_section \"  itemscope=\"itemscope\" itemtype=\"https:\/\/schema.org\/CreativeWork\" ><div class='avia_textblock  '   itemprop=\"text\" ><p><b>Chamonix<\/b><\/p>\n<ul>\n<li>Glacier hike, climbing or ice school (1 to 4 people max) : 520 \u20ac<\/li>\n<li>Mont blanc\u00a0\u00a0 voie normale depuis Saint Gervais (2 pers maxi) : 1600 \u20ac in 2 days<\/li>\n<li>Rochefort (Aiguille de) Ar\u00eates en aller-retour : 630 \u20ac<\/li>\n<li>Marbr\u00e9es (travers\u00e9e) : 520 \u20ac<\/li>\n<li>Aiguille du Midi &#8211; Helbronner (travers\u00e9e journ\u00e9e) : 520 \u20ac<\/li>\n<li>Crochues (Aiguilles)\u00a0 travers\u00e9e : 520 \u20ac<\/li>\n<li>Chapelle de la Gli\u00e8re &#8211; Ar\u00eate sud : 520 \u20ac<\/li>\n<li>Ar\u00eate des Cosmiques (Aiguille du Midi) : 480 \u20ac<\/li>\n<li>Les Aravis La Colombi\u00e8re &#8211; Le Sapey : 520 \u20ac<\/li>\n<li>Ar\u00eate de la Table int\u00e9grale (Aiguille du Tour) : 880 \u20ac<\/li>\n<li>Couloir de la Table (Aiguille du Tour) : 880 \u20ac<\/li>\n<li>Voie normale de l\u2019Aiguille du Tour : 770 \u20ac<\/li>\n<li>Aiguille Purtscheller &#8211; Ar\u00eate sud : 880 \u20ac<\/li>\n<li>T\u00eate Blanche &#8211; Petite Fourche : 780 \u20ac<\/li>\n<li>Dent du G\u00e9ant &#8211; Voie normale : 580 \u20ac<\/li>\n<\/ul>\n<p><b>Maurienne<\/b><\/p>\n<ul>\n<li>Glacier hicking, rock climbing or ice climing : 520 \u20ac<\/li>\n<li>Dent Parrach\u00e9e Voie Normale (par le col ou la br\u00e8che de la Lauza) : 520 \u20ac<\/li>\n<li>Pointe de Labby par les Ar\u00eates du Soleil : 570 \u20ac<\/li>\n<li>Rochers Cornus : 570 \u20ac<\/li>\n<li>Pointe de Bellecombe -&#8220;Millefeuille Mauriennais&#8221; : 520 \u20ac<\/li>\n<li>Pointe Marie &#8211; Ar\u00eates Rousse : 520 \u20ac<\/li>\n<li>Paroi de L\u00e9ch\u00e9 (voies d\u2019escalade \u00e0 la Pointe de L\u00e9ch\u00e9) : 520 \u20ac<\/li>\n<li>Grand Ch\u00e2telard &#8211; voie Tirelipompon : 520 \u20ac<\/li>\n<li>Travers\u00e9e Carro-Evettes : 520 \u20ac<\/li>\n<li>Ar\u00eates du Mulinet : 580 \u20ac<\/li>\n<li>L\u2019Albaron par les Evettes ou Av\u00e9role : 520 \u20ac<\/li>\n<li>Pic Regaud &#8211; ar\u00eate Nord : 520 \u20ac<\/li>\n<li>Pointe de la Piatou : 520 \u20ac<\/li>\n<\/ul>\n<p><b>Vanoise<\/b><\/p>\n<ul>\n<li>Grande Casse Voie Normale (1 pers maxi) : 680 \u20ac<\/li>\n<li>Travers\u00e9e int\u00e9grale des D\u00f4mes de la Vanoise (in 2 days) : 1000 \u20ac<\/li>\n<\/ul>\n<p><b>Suisse<\/b><\/p>\n<ul>\n<li>Cervin &#8211; Ar\u00eate du H\u00f6rnli (1 pers maxi) : 1520 \u20ac<\/li>\n<li>Breithorn : 520 \u20ac<\/li>\n<li>Dent Blanche &#8211; voie normale : 1520 \u20ac<\/li>\n<\/ul>\n<p><b>Italie<\/b><\/p>\n<ul>\n<li>Pyramide Vincent : 920 \u20ac<\/li>\n<li>Grand Paradis &#8211; Voie normale : 980 \u20ac<\/li>\n<li>Mont Rose &#8211; (Pointe Gnifetti &#8211; 4554 m) : 1200 \u20ac in 2 days<\/li>\n<li>Liskam (travers\u00e9e) : 1320 \u20ac<\/li>\n<li>Viso &#8211; Ar\u00eate Est : 1300 \u20ac<\/li>\n<li>Val d\u2019Aoste &#8211; Pilier Lomasti \u2013 Machaby : 520 \u20ac<b>\u00a0<\/b><\/li>\n<\/ul>\n<p><b>Rock climbing in south of France<\/b><\/p>\n<ul>\n<li>Dentelles de Montmirail, Calanques de Marseille, Toulon, Buis les baronnies, Caroux, Collias : 520 \u20ac\/jour<\/li>\n<\/ul>\n<p><b>Rock climbing in GREECE<\/b><\/p>\n<ul>\n<li>Kalymnos, Karpathos, Cyprus, Leonidio, Manikia : 550 \u20ac\/jour<\/li>\n<\/ul>\n<p><b>Canyoning<\/b><\/p>\n<ul>\n<li>Private booking day (1 to 4 people) : 520 \u20ac<\/li>\n<\/ul>\n<p><b>Via ferrata<\/b><\/p>\n<ul>\n<li>\u00bd day booking 1 to 4 people : 300 \u20ac<\/li>\n<li>1 day booking a to 4 people : 520 \u20ac<\/li>\n<\/ul>\n<\/div><\/section><\/div>\n<style type=\"text\/css\" data-created_by=\"avia_inline_auto\" id=\"style-css-av-k0go5qa1-8b22805079e41c83a45accda46496c8d\">\n.flex_column.av-k0go5qa1-8b22805079e41c83a45accda46496c8d{\nborder-width:3px;\nborder-color:#3b62ac;\nborder-style:solid;\nborder-radius:0px 0px 0px 0px;\n-webkit-border-radius:0px 0px 0px 0px;\n-moz-border-radius:0px 0px 0px 0px;\npadding:25px 25px 25px 25px;\nbackground-color:#f4f4f4;\n}\n<\/style>\n<div class='flex_column av-k0go5qa1-8b22805079e41c83a45accda46496c8d av_one_full  avia-builder-el-5  el_after_av_one_full  avia-builder-el-last  first flex_column_div column-top-margin'   ><section class=\"av_textblock_section \"  itemscope=\"itemscope\" itemtype=\"https:\/\/schema.org\/CreativeWork\" ><div class='avia_textblock  '   itemprop=\"text\" ><p><strong>These rates include<\/strong> the provision of the guide for an existing person or group.<\/p>\n<p><strong>They do not include<\/strong> overnight stays, personal technical equipment, and travel and lift costs.<\/p>\n<p>For each of these races, a maximum number of people per guide is defined by the guide taking into account: the difficulty, the length, the conditions of the moment and the level of the participants.<\/p>\n<p><strong>Download the general conditions of sale<\/strong> : <a href=\"https:\/\/www.haute-montagne.net\/wp-content\/uploads\/2022\/08\/Conditions-Generales-de-Vente-1.pdf\" target=\"_blank\" rel=\"noopener\">Conditions G\u00e9n\u00e9rales de Vente<\/a><\/p>\n<\/div><\/section><\/div><\/p>\n","protected":false},"excerpt":{"rendered":"","protected":false},"author":1,"featured_media":0,"parent":0,"menu_order":0,"comment_status":"closed","ping_status":"closed","template":"","meta":[],"yoast_head":"<!-- This site is optimized with the Yoast SEO plugin v16.9 - https:\/\/yoast.com\/wordpress\/plugins\/seo\/ -->\n<title>Price ~ Jean-Christian LICHAIRE - High Mountain Guide<\/title>\n<meta name=\"robots\" content=\"index, follow, max-snippet:-1, max-image-preview:large, max-video-preview:-1\" \/>\n<link rel=\"canonical\" href=\"https:\/\/www.haute-montagne.net\/en\/price\/\" \/>\n<meta property=\"og:locale\" content=\"en_US\" \/>\n<meta property=\"og:type\" content=\"article\" \/>\n<meta property=\"og:title\" content=\"Price ~ Jean-Christian LICHAIRE - High Mountain Guide\" \/>\n<meta property=\"og:url\" content=\"https:\/\/www.haute-montagne.net\/en\/price\/\" \/>\n<meta property=\"og:site_name\" content=\"Jean-Christian LICHAIRE - High Mountain Guide\" \/>\n<meta property=\"article:modified_time\" content=\"2026-04-25T15:14:32+00:00\" \/>\n<meta name=\"twitter:card\" content=\"summary_large_image\" \/>\n<meta name=\"twitter:label1\" content=\"Est. reading time\" \/>\n\t<meta name=\"twitter:data1\" content=\"5 minutes\" \/>\n<script type=\"application\/ld+json\" class=\"yoast-schema-graph\">{\"@context\":\"https:\/\/schema.org\",\"@graph\":[{\"@type\":\"WebSite\",\"@id\":\"https:\/\/www.haute-montagne.net\/#website\",\"url\":\"https:\/\/www.haute-montagne.net\/\",\"name\":\"Jean-Christian LICHAIRE - High Mountain Guide\",\"description\":\"\",\"potentialAction\":[{\"@type\":\"SearchAction\",\"target\":{\"@type\":\"EntryPoint\",\"urlTemplate\":\"https:\/\/www.haute-montagne.net\/?s={search_term_string}\"},\"query-input\":\"required name=search_term_string\"}],\"inLanguage\":\"en-US\"},{\"@type\":\"WebPage\",\"@id\":\"https:\/\/www.haute-montagne.net\/en\/price\/#webpage\",\"url\":\"https:\/\/www.haute-montagne.net\/en\/price\/\",\"name\":\"Price ~ Jean-Christian LICHAIRE - High Mountain Guide\",\"isPartOf\":{\"@id\":\"https:\/\/www.haute-montagne.net\/#website\"},\"datePublished\":\"2019-09-12T12:31:21+00:00\",\"dateModified\":\"2026-04-25T15:14:32+00:00\",\"breadcrumb\":{\"@id\":\"https:\/\/www.haute-montagne.net\/en\/price\/#breadcrumb\"},\"inLanguage\":\"en-US\",\"potentialAction\":[{\"@type\":\"ReadAction\",\"target\":[\"https:\/\/www.haute-montagne.net\/en\/price\/\"]}]},{\"@type\":\"BreadcrumbList\",\"@id\":\"https:\/\/www.haute-montagne.net\/en\/price\/#breadcrumb\",\"itemListElement\":[{\"@type\":\"ListItem\",\"position\":1,\"name\":\"Accueil\",\"item\":\"https:\/\/www.haute-montagne.net\/en\/\"},{\"@type\":\"ListItem\",\"position\":2,\"name\":\"Price\"}]}]}<\/script>\n<!-- \/ Yoast SEO plugin. -->","yoast_head_json":{"title":"Price ~ Jean-Christian LICHAIRE - High Mountain Guide","robots":{"index":"index","follow":"follow","max-snippet":"max-snippet:-1","max-image-preview":"max-image-preview:large","max-video-preview":"max-video-preview:-1"},"canonical":"https:\/\/www.haute-montagne.net\/en\/price\/","og_locale":"en_US","og_type":"article","og_title":"Price ~ Jean-Christian LICHAIRE - High Mountain Guide","og_url":"https:\/\/www.haute-montagne.net\/en\/price\/","og_site_name":"Jean-Christian LICHAIRE - High Mountain Guide","article_modified_time":"2026-04-25T15:14:32+00:00","twitter_card":"summary_large_image","twitter_misc":{"Est. reading time":"5 minutes"},"schema":{"@context":"https:\/\/schema.org","@graph":[{"@type":"WebSite","@id":"https:\/\/www.haute-montagne.net\/#website","url":"https:\/\/www.haute-montagne.net\/","name":"Jean-Christian LICHAIRE - High Mountain Guide","description":"","potentialAction":[{"@type":"SearchAction","target":{"@type":"EntryPoint","urlTemplate":"https:\/\/www.haute-montagne.net\/?s={search_term_string}"},"query-input":"required name=search_term_string"}],"inLanguage":"en-US"},{"@type":"WebPage","@id":"https:\/\/www.haute-montagne.net\/en\/price\/#webpage","url":"https:\/\/www.haute-montagne.net\/en\/price\/","name":"Price ~ Jean-Christian LICHAIRE - High Mountain Guide","isPartOf":{"@id":"https:\/\/www.haute-montagne.net\/#website"},"datePublished":"2019-09-12T12:31:21+00:00","dateModified":"2026-04-25T15:14:32+00:00","breadcrumb":{"@id":"https:\/\/www.haute-montagne.net\/en\/price\/#breadcrumb"},"inLanguage":"en-US","potentialAction":[{"@type":"ReadAction","target":["https:\/\/www.haute-montagne.net\/en\/price\/"]}]},{"@type":"BreadcrumbList","@id":"https:\/\/www.haute-montagne.net\/en\/price\/#breadcrumb","itemListElement":[{"@type":"ListItem","position":1,"name":"Accueil","item":"https:\/\/www.haute-montagne.net\/en\/"},{"@type":"ListItem","position":2,"name":"Price"}]}]}},"_links":{"self":[{"href":"https:\/\/www.haute-montagne.net\/en\/wp-json\/wp\/v2\/pages\/467"}],"collection":[{"href":"https:\/\/www.haute-montagne.net\/en\/wp-json\/wp\/v2\/pages"}],"about":[{"href":"https:\/\/www.haute-montagne.net\/en\/wp-json\/wp\/v2\/types\/page"}],"author":[{"embeddable":true,"href":"https:\/\/www.haute-montagne.net\/en\/wp-json\/wp\/v2\/users\/1"}],"replies":[{"embeddable":true,"href":"https:\/\/www.haute-montagne.net\/en\/wp-json\/wp\/v2\/comments?post=467"}],"version-history":[{"count":13,"href":"https:\/\/www.haute-montagne.net\/en\/wp-json\/wp\/v2\/pages\/467\/revisions"}],"predecessor-version":[{"id":2089,"href":"https:\/\/www.haute-montagne.net\/en\/wp-json\/wp\/v2\/pages\/467\/revisions\/2089"}],"wp:attachment":[{"href":"https:\/\/www.haute-montagne.net\/en\/wp-json\/wp\/v2\/media?parent=467"}],"curies":[{"name":"wp","href":"https:\/\/api.w.org\/{rel}","templated":true}]}}