{"id":411,"date":"2019-09-06T14:57:48","date_gmt":"2019-09-06T12:57:48","guid":{"rendered":"https:\/\/www.haute-montagne.net\/?page_id=411"},"modified":"2023-04-13T08:51:02","modified_gmt":"2023-04-13T06:51:02","slug":"legal-notice","status":"publish","type":"page","link":"https:\/\/www.haute-montagne.net\/en\/legal-notice\/","title":{"rendered":"Legal Notice"},"content":{"rendered":"\n<style type=\"text\/css\" data-created_by=\"avia_inline_auto\" id=\"style-css-av-jz8d5cte-a2ae7971dbf9c5ff2a04a4bed002cf33\">\n.avia-section.av-jz8d5cte-a2ae7971dbf9c5ff2a04a4bed002cf33{\nbackground-color:#315aa3;\nbackground-repeat:no-repeat;\nbackground-image:url(https:\/\/www.haute-montagne.net\/wp-content\/uploads\/2019\/09\/contact.png);\nbackground-position:100% 50%;\nbackground-attachment:scroll;\n}\n<\/style>\n<div id='av_section_1'  class='avia-section av-jz8d5cte-a2ae7971dbf9c5ff2a04a4bed002cf33 alternate_color avia-section-large avia-no-border-styling  avia-builder-el-0  el_before_av_one_full  avia-builder-el-first  avia-full-contain avia-bg-style-scroll  container_wrap fullsize'  data-section-bg-repeat='contain'><div class='container av-section-cont-open' ><main  role=\"main\" itemprop=\"mainContentOfPage\"  class='template-page content  av-content-full alpha units'><div class='post-entry post-entry-type-page post-entry-411'><div class='entry-content-wrapper clearfix'>\n\n<style type=\"text\/css\" data-created_by=\"avia_inline_auto\" id=\"style-css-av-1ke70-2bb78c9833c4a6307ee48d1ede8615e1\">\n.flex_column.av-1ke70-2bb78c9833c4a6307ee48d1ede8615e1{\nborder-radius:0px 0px 0px 0px;\n-webkit-border-radius:0px 0px 0px 0px;\n-moz-border-radius:0px 0px 0px 0px;\n}\n<\/style>\n<div class='flex_column av-1ke70-2bb78c9833c4a6307ee48d1ede8615e1 av_one_full  avia-builder-el-1  avia-builder-el-no-sibling  first flex_column_div av-zero-column-padding '   ><style type=\"text\/css\" data-created_by=\"avia_inline_auto\" id=\"style-css-av-k084jyf8-e6620d3e24534632a223ff2889111ac7\">\n#top .av-special-heading.av-k084jyf8-e6620d3e24534632a223ff2889111ac7{\npadding-bottom:10px;\ncolor:#ffffff;\n}\n.av-special-heading.av-k084jyf8-e6620d3e24534632a223ff2889111ac7 .special-heading-inner-border{\nborder-color:#ffffff;\n}\n<\/style>\n<div  class='av-special-heading av-k084jyf8-e6620d3e24534632a223ff2889111ac7 av-special-heading-h1 custom-color-heading blockquote modern-quote modern-centered  avia-builder-el-2  avia-builder-el-no-sibling  '><h1 class='av-special-heading-tag '  itemprop=\"headline\"  >Legal Notice<\/h1><div class='special-heading-border'><div class='special-heading-inner-border'><\/div><\/div><\/div><\/div>\n<\/div><\/div><\/main><!-- close content main element --><\/div><\/div><div id='after_section_1'  class='main_color av_default_container_wrap container_wrap fullsize'  ><div class='container av-section-cont-open' ><div class='template-page content  av-content-full alpha units'><div class='post-entry post-entry-type-page post-entry-411'><div class='entry-content-wrapper clearfix'>\n\n<style type=\"text\/css\" data-created_by=\"avia_inline_auto\" id=\"style-css-av-sbxq-7deccc9b7fa8a253c182d21d8d5def8d\">\n.flex_column.av-sbxq-7deccc9b7fa8a253c182d21d8d5def8d{\nborder-radius:0px 0px 0px 0px;\n-webkit-border-radius:0px 0px 0px 0px;\n-moz-border-radius:0px 0px 0px 0px;\n}\n<\/style>\n<div class='flex_column av-sbxq-7deccc9b7fa8a253c182d21d8d5def8d av_one_full  avia-builder-el-3  el_after_av_section  avia-builder-el-no-sibling  first flex_column_div av-zero-column-padding '   ><section class=\"av_textblock_section \"  itemscope=\"itemscope\" itemtype=\"https:\/\/schema.org\/CreativeWork\" ><div class='avia_textblock  '   itemprop=\"text\" ><p><strong>\u00c9DITEUR<\/strong><br \/>\nLe site www.haute-montagne.net est \u00e9dit\u00e9 sous la responsabilit\u00e9 de\u00a0Jean-christian Lichaire.<\/p>\n<p><strong>CONTACT<\/strong><br \/>\nPar t\u00e9l\u00e9phone au + 33 6 85 75 36 20<br \/>\nPar email via le <a href=\"https:\/\/www.haute-montagne.net\/contact\/\">formulaire de contact<\/a><\/p>\n<p><strong>DIRECTION<\/strong><br \/>\nLa publication du site est plac\u00e9e sous la direction de Jean-christian Lichaire.<\/p>\n<p><strong>H\u00c9BERGEUR<\/strong><br \/>\nLe site internet www.haute-montagne.net est h\u00e9berg\u00e9 par la soci\u00e9t\u00e9 OVH, SAS au capital de 10 000 000 euros.<\/p>\n<p>Si\u00e8ge social : 2 rue Kellerman 59100 Roubaix France.<\/p>\n<p><strong>CR\u00c9DITS<\/strong><br \/>\nLes droits de reproduction ou de citation sont soumis \u00e0 autorisation pr\u00e9alable, les photographies pr\u00e9sentes sur le site font l\u2019objet de droits r\u00e9serv\u00e9s. \u00a9Jean-christian Lichaire<\/p>\n<p><strong>D\u00c9VELOPPEMENT<\/strong><br \/>\nLe site internet est r\u00e9alis\u00e9 par <a href=\"https:\/\/www.rapheo-web.fr\/\" target=\"_blank\" rel=\"noopener\">www.rapheo-web.fr<\/a><\/p>\n<p><strong>CONFIDENTIALIT\u00c9<\/strong><br \/>\nConform\u00e9ment \u00e0 la loi \u00ab Informatique et Libert\u00e9 \u00bb du 06 Janvier 1978, vous b\u00e9n\u00e9ficiez d\u2019un droit d\u2019acc\u00e8s, de rectification, de modification et de suppression aux donn\u00e9es vous concernant.<\/p>\n<p>Le site n\u2019est pas d\u00e9clar\u00e9 \u00e0 la CNIL car il ne recueille pas d\u2019informations personnelles.<\/p>\n<p><strong>DESCRIPTIONS DES SERVICES FOURNIS<\/strong><br \/>\nLe site a pour objet de fournir l\u2019ensemble des activit\u00e9s de la soci\u00e9t\u00e9,\u00a0il ne pourra \u00eatre tenue responsable des omissions, des inexactitudes et des carences dans la mise \u00e0 jour, qu\u2019elles soient de son fait ou du fait des tiers partenaires qui lui fournissent ces informations.<br \/>\nTous les informations indiqu\u00e9es sur le site sont donn\u00e9es \u00e0 titre indicatif, et sont susceptibles d\u2019\u00e9voluer. Par ailleurs, les renseignements figurant sur le site www.haute-montagne.net ne sont pas exhaustifs. Ils sont donn\u00e9s sous r\u00e9serve de modifications ayant \u00e9t\u00e9 apport\u00e9es depuis leur mise en ligne.<\/p>\n<p><strong>COOKIES<\/strong><br \/>\nNotre site utilise des cookies afin d\u2019am\u00e9liorer votre navigation afin d\u2019effectuer le suivi de la fr\u00e9quentation du site (via les services Google Analytics).<\/p>\n<p>Vous avez la possibilit\u00e9 de d\u00e9sactiver les cookies ci-dessous:<\/p>\n<p>Ces cookies recueillent des informations qui sont utilis\u00e9es pour nous aider \u00e0 comprendre l\u2019utilisation de notre site Web (performances, temps de chargement des pages visit\u00e9es\u2026) ou l\u2019efficacit\u00e9 de nos campagnes de marketing toujours dans le but d\u2019am\u00e9liorer votre exp\u00e9rience.<\/p>\n<p>Vous pouvez d\u00e9sactiver les cookies analytics en suivant les instructions ci-dessous:<\/p>\n<p><div data-disabled_by_browser=\"Please enable this feature in your browser settings and reload the page.\" class=\"av-switch-aviaPrivacyGoogleTrackingDisabled av-toggle-switch av-cookie-disable-external-toggle av-cookie-save-unchecked av-cookie-default-checked\"><label><input type=\"checkbox\" checked=\"checked\" id=\"aviaPrivacyGoogleTrackingDisabled\" class=\"aviaPrivacyGoogleTrackingDisabled \" name=\"aviaPrivacyGoogleTrackingDisabled\" ><span class=\"toggle-track\"><\/span><span class=\"toggle-label-content\">Click to enable\/disable Google Analytics tracking.<\/span><\/label><\/div><br \/>\n<div class=\"av-switch-aviaPrivacyGoogleWebfontsDisabled av-toggle-switch av-cookie-disable-external-toggle av-cookie-save-unchecked av-cookie-default-checked\"><label><input type=\"checkbox\" checked=\"checked\" id=\"aviaPrivacyGoogleWebfontsDisabled\" class=\"aviaPrivacyGoogleWebfontsDisabled \" name=\"aviaPrivacyGoogleWebfontsDisabled\" ><span class=\"toggle-track\"><\/span><span class=\"toggle-label-content\">Click to enable\/disable Google Webfonts.<\/span><\/label><\/div><br \/>\n<div class=\"av-switch-aviaPrivacyGoogleMapsDisabled av-toggle-switch av-cookie-disable-external-toggle av-cookie-save-unchecked av-cookie-default-checked\"><label><input type=\"checkbox\" checked=\"checked\" id=\"aviaPrivacyGoogleMapsDisabled\" class=\"aviaPrivacyGoogleMapsDisabled \" name=\"aviaPrivacyGoogleMapsDisabled\" ><span class=\"toggle-track\"><\/span><span class=\"toggle-label-content\">Click to enable\/disable Google Maps.<\/span><\/label><\/div><br \/>\n<div class=\"av-switch-aviaPrivacyVideoEmbedsDisabled av-toggle-switch av-cookie-disable-external-toggle av-cookie-save-unchecked av-cookie-default-checked\"><label><input type=\"checkbox\" checked=\"checked\" id=\"aviaPrivacyVideoEmbedsDisabled\" class=\"aviaPrivacyVideoEmbedsDisabled \" name=\"aviaPrivacyVideoEmbedsDisabled\" ><span class=\"toggle-track\"><\/span><span class=\"toggle-label-content\">Click to enable\/disable video embeds.<\/span><\/label><\/div><\/p>\n<\/div><\/section><\/div>\n","protected":false},"excerpt":{"rendered":"","protected":false},"author":1,"featured_media":0,"parent":0,"menu_order":0,"comment_status":"closed","ping_status":"open","template":"","meta":[],"yoast_head":"<!-- This site is optimized with the Yoast SEO plugin v16.9 - https:\/\/yoast.com\/wordpress\/plugins\/seo\/ -->\n<title>Legal Notice ~ Jean-Christian LICHAIRE - High Mountain Guide<\/title>\n<meta name=\"robots\" content=\"index, follow, max-snippet:-1, max-image-preview:large, max-video-preview:-1\" \/>\n<link rel=\"canonical\" href=\"https:\/\/www.haute-montagne.net\/en\/legal-notice\/\" \/>\n<meta property=\"og:locale\" content=\"en_US\" \/>\n<meta property=\"og:type\" content=\"article\" \/>\n<meta property=\"og:title\" content=\"Legal Notice ~ Jean-Christian LICHAIRE - High Mountain Guide\" \/>\n<meta property=\"og:url\" content=\"https:\/\/www.haute-montagne.net\/en\/legal-notice\/\" \/>\n<meta property=\"og:site_name\" content=\"Jean-Christian LICHAIRE - High Mountain Guide\" \/>\n<meta property=\"article:modified_time\" content=\"2023-04-13T06:51:02+00:00\" \/>\n<meta name=\"twitter:card\" content=\"summary_large_image\" \/>\n<meta name=\"twitter:label1\" content=\"Est. reading time\" \/>\n\t<meta name=\"twitter:data1\" content=\"4 minutes\" \/>\n<script type=\"application\/ld+json\" class=\"yoast-schema-graph\">{\"@context\":\"https:\/\/schema.org\",\"@graph\":[{\"@type\":\"WebSite\",\"@id\":\"https:\/\/www.haute-montagne.net\/#website\",\"url\":\"https:\/\/www.haute-montagne.net\/\",\"name\":\"Jean-Christian LICHAIRE - High Mountain Guide\",\"description\":\"\",\"potentialAction\":[{\"@type\":\"SearchAction\",\"target\":{\"@type\":\"EntryPoint\",\"urlTemplate\":\"https:\/\/www.haute-montagne.net\/?s={search_term_string}\"},\"query-input\":\"required name=search_term_string\"}],\"inLanguage\":\"en-US\"},{\"@type\":\"WebPage\",\"@id\":\"https:\/\/www.haute-montagne.net\/en\/legal-notice\/#webpage\",\"url\":\"https:\/\/www.haute-montagne.net\/en\/legal-notice\/\",\"name\":\"Legal Notice ~ Jean-Christian LICHAIRE - High Mountain Guide\",\"isPartOf\":{\"@id\":\"https:\/\/www.haute-montagne.net\/#website\"},\"datePublished\":\"2019-09-06T12:57:48+00:00\",\"dateModified\":\"2023-04-13T06:51:02+00:00\",\"breadcrumb\":{\"@id\":\"https:\/\/www.haute-montagne.net\/en\/legal-notice\/#breadcrumb\"},\"inLanguage\":\"en-US\",\"potentialAction\":[{\"@type\":\"ReadAction\",\"target\":[\"https:\/\/www.haute-montagne.net\/en\/legal-notice\/\"]}]},{\"@type\":\"BreadcrumbList\",\"@id\":\"https:\/\/www.haute-montagne.net\/en\/legal-notice\/#breadcrumb\",\"itemListElement\":[{\"@type\":\"ListItem\",\"position\":1,\"name\":\"Accueil\",\"item\":\"https:\/\/www.haute-montagne.net\/en\/\"},{\"@type\":\"ListItem\",\"position\":2,\"name\":\"Legal Notice\"}]}]}<\/script>\n<!-- \/ Yoast SEO plugin. -->","yoast_head_json":{"title":"Legal Notice ~ Jean-Christian LICHAIRE - High Mountain Guide","robots":{"index":"index","follow":"follow","max-snippet":"max-snippet:-1","max-image-preview":"max-image-preview:large","max-video-preview":"max-video-preview:-1"},"canonical":"https:\/\/www.haute-montagne.net\/en\/legal-notice\/","og_locale":"en_US","og_type":"article","og_title":"Legal Notice ~ Jean-Christian LICHAIRE - High Mountain Guide","og_url":"https:\/\/www.haute-montagne.net\/en\/legal-notice\/","og_site_name":"Jean-Christian LICHAIRE - High Mountain Guide","article_modified_time":"2023-04-13T06:51:02+00:00","twitter_card":"summary_large_image","twitter_misc":{"Est. reading time":"4 minutes"},"schema":{"@context":"https:\/\/schema.org","@graph":[{"@type":"WebSite","@id":"https:\/\/www.haute-montagne.net\/#website","url":"https:\/\/www.haute-montagne.net\/","name":"Jean-Christian LICHAIRE - High Mountain Guide","description":"","potentialAction":[{"@type":"SearchAction","target":{"@type":"EntryPoint","urlTemplate":"https:\/\/www.haute-montagne.net\/?s={search_term_string}"},"query-input":"required name=search_term_string"}],"inLanguage":"en-US"},{"@type":"WebPage","@id":"https:\/\/www.haute-montagne.net\/en\/legal-notice\/#webpage","url":"https:\/\/www.haute-montagne.net\/en\/legal-notice\/","name":"Legal Notice ~ Jean-Christian LICHAIRE - High Mountain Guide","isPartOf":{"@id":"https:\/\/www.haute-montagne.net\/#website"},"datePublished":"2019-09-06T12:57:48+00:00","dateModified":"2023-04-13T06:51:02+00:00","breadcrumb":{"@id":"https:\/\/www.haute-montagne.net\/en\/legal-notice\/#breadcrumb"},"inLanguage":"en-US","potentialAction":[{"@type":"ReadAction","target":["https:\/\/www.haute-montagne.net\/en\/legal-notice\/"]}]},{"@type":"BreadcrumbList","@id":"https:\/\/www.haute-montagne.net\/en\/legal-notice\/#breadcrumb","itemListElement":[{"@type":"ListItem","position":1,"name":"Accueil","item":"https:\/\/www.haute-montagne.net\/en\/"},{"@type":"ListItem","position":2,"name":"Legal Notice"}]}]}},"_links":{"self":[{"href":"https:\/\/www.haute-montagne.net\/en\/wp-json\/wp\/v2\/pages\/411"}],"collection":[{"href":"https:\/\/www.haute-montagne.net\/en\/wp-json\/wp\/v2\/pages"}],"about":[{"href":"https:\/\/www.haute-montagne.net\/en\/wp-json\/wp\/v2\/types\/page"}],"author":[{"embeddable":true,"href":"https:\/\/www.haute-montagne.net\/en\/wp-json\/wp\/v2\/users\/1"}],"replies":[{"embeddable":true,"href":"https:\/\/www.haute-montagne.net\/en\/wp-json\/wp\/v2\/comments?post=411"}],"version-history":[{"count":7,"href":"https:\/\/www.haute-montagne.net\/en\/wp-json\/wp\/v2\/pages\/411\/revisions"}],"predecessor-version":[{"id":2040,"href":"https:\/\/www.haute-montagne.net\/en\/wp-json\/wp\/v2\/pages\/411\/revisions\/2040"}],"wp:attachment":[{"href":"https:\/\/www.haute-montagne.net\/en\/wp-json\/wp\/v2\/media?parent=411"}],"curies":[{"name":"wp","href":"https:\/\/api.w.org\/{rel}","templated":true}]}}